{"id":5,"date":"2009-06-03T21:26:30","date_gmt":"2009-06-03T19:26:30","guid":{"rendered":"http:\/\/www.trabajos-verticales-rodriguez-irastorza.com\/alt\/?page_id=5"},"modified":"2023-08-26T18:50:19","modified_gmt":"2023-08-26T16:50:19","slug":"servicios","status":"publish","type":"page","link":"http:\/\/www.trabajos-verticales-rodriguez-irastorza.com\/alt\/?page_id=5","title":{"rendered":"SERVICIOS"},"content":{"rendered":"<p>Rehabilitaci\u00f3n y pintura de fachadas, patios de luces y medianiles.<br \/>\nRehabilitaci\u00f3n y pintura de pisos y locales.<br \/>\nReparaci\u00f3n y revoco de grietas.<br \/>\nReparaci\u00f3n y tratamiento en forjados, columnas y esquinas.<br \/>\nFijaci\u00f3n de losas y tejas.<br \/>\nSellado de juntas.<br \/>\nColocaci\u00f3n o cambio de canales.<br \/>\nInstalaci\u00f3n de sistemas antipalomas.<br \/>\nImpermeabilizaci\u00f3n de paramentos verticales y azoteas.<br \/>\nImpermeabilizaci\u00f3n de cubiertas.<br \/>\nLimpieza de cristales.<br \/>\nLimpieza de zonas de dif\u00edcil acceso, cristales y muros cortina.<br \/>\nLimpieza con agua a presi\u00f3n de ladrillo o piedra.<br \/>\nSaneados preventivos de zonas con riesgo de desprendimiento.<br \/>\nColocaci\u00f3n de lonas anti-desprendimientos.<br \/>\nRealizaci\u00f3n de informe t\u00e9cnicos.<br \/>\nPoda y tala de \u00e1rboles.<br \/>\nMontaje de chimeneas y bajantes.<br \/>\nColocaci\u00f3n de anclajes.<br \/>\nAsesoramiento t\u00e9cnico para permisos de obra y licencias municipales.<\/p>\n","protected":false},"excerpt":{"rendered":"<p>Rehabilitaci\u00f3n y pintura de fachadas, patios de luces y medianiles. Rehabilitaci\u00f3n y pintura de pisos y locales. Reparaci\u00f3n y revoco de grietas. Reparaci\u00f3n y tratamiento en forjados, columnas y esquinas. Fijaci\u00f3n de losas y tejas. Sellado de juntas. Colocaci\u00f3n o cambio de canales. Instalaci\u00f3n de sistemas antipalomas. Impermeabilizaci\u00f3n de paramentos verticales y azoteas. Impermeabilizaci\u00f3n de [&hellip;]<\/p>\n","protected":false},"author":1,"featured_media":0,"parent":0,"menu_order":0,"comment_status":"closed","ping_status":"closed","template":"","meta":{"footnotes":""},"class_list":["post-5","page","type-page","status-publish","hentry"],"_links":{"self":[{"href":"http:\/\/www.trabajos-verticales-rodriguez-irastorza.com\/alt\/index.php?rest_route=\/wp\/v2\/pages\/5","targetHints":{"allow":["GET"]}}],"collection":[{"href":"http:\/\/www.trabajos-verticales-rodriguez-irastorza.com\/alt\/index.php?rest_route=\/wp\/v2\/pages"}],"about":[{"href":"http:\/\/www.trabajos-verticales-rodriguez-irastorza.com\/alt\/index.php?rest_route=\/wp\/v2\/types\/page"}],"author":[{"embeddable":true,"href":"http:\/\/www.trabajos-verticales-rodriguez-irastorza.com\/alt\/index.php?rest_route=\/wp\/v2\/users\/1"}],"replies":[{"embeddable":true,"href":"http:\/\/www.trabajos-verticales-rodriguez-irastorza.com\/alt\/index.php?rest_route=%2Fwp%2Fv2%2Fcomments&post=5"}],"version-history":[{"count":4,"href":"http:\/\/www.trabajos-verticales-rodriguez-irastorza.com\/alt\/index.php?rest_route=\/wp\/v2\/pages\/5\/revisions"}],"predecessor-version":[{"id":33,"href":"http:\/\/www.trabajos-verticales-rodriguez-irastorza.com\/alt\/index.php?rest_route=\/wp\/v2\/pages\/5\/revisions\/33"}],"wp:attachment":[{"href":"http:\/\/www.trabajos-verticales-rodriguez-irastorza.com\/alt\/index.php?rest_route=%2Fwp%2Fv2%2Fmedia&parent=5"}],"curies":[{"name":"wp","href":"https:\/\/api.w.org\/{rel}","templated":true}]}}