{"id":14,"date":"2009-06-03T21:34:41","date_gmt":"2009-06-03T19:34:41","guid":{"rendered":"http:\/\/www.trabajos-verticales-rodriguez-irastorza.com\/alt\/?page_id=14"},"modified":"2025-09-09T00:09:36","modified_gmt":"2025-09-08T22:09:36","slug":"fotos","status":"publish","type":"page","link":"http:\/\/www.trabajos-verticales-rodriguez-irastorza.com\/alt\/?page_id=14","title":{"rendered":"FOTOS"},"content":{"rendered":"<p><a href=\"..\/trabajos_verticales_zaragoza_fotos.php?d=1&amp;p=1&amp;Pan=0\"> <img loading=\"lazy\" decoding=\"async\" title=\"Limpiando cristales en el hotel Reina Petronila.\" src=\"..\/miniaturas\/foto-001.jpg\" alt=\"Trabajos Verticales Rodriguez Irastorza. Limpiando cristales en el hotel Reina Petronila.\" width=\"140\" height=\"105\" border=\"0\"><\/a> <a href=\"..\/trabajos_verticales_zaragoza_fotos.php?d=2&amp;p=1&amp;Pan=0\"> <img loading=\"lazy\" decoding=\"async\" title=\"Limpiando cristales en el hotel de la Expo 2008.\" src=\"..\/miniaturas\/foto-003.jpg\" alt=\"Trabajos Verticales Rodriguez Irastorza. Limpiando cristales en el hotel de la Expo 2008.\" width=\"140\" height=\"105\" border=\"0\"><\/a> <a href=\"..\/trabajos_verticales_zaragoza_fotos.php?d=3&amp;p=1&amp;Pan=0\"> <img loading=\"lazy\" decoding=\"async\" title=\"Operario picando una cata en la Av. Salvador Allende.\" src=\"..\/miniaturas\/foto-005.jpg\" alt=\"Trabajos Verticales Rodriguez Irastorza. Operario picando una cata en la Av. Salvador Allende.\" width=\"140\" height=\"105\" border=\"0\"><\/a> <a href=\"..\/trabajos_verticales_zaragoza_fotos.php?d=4&amp;p=1&amp;Pan=0\"> <img loading=\"lazy\" decoding=\"async\" title=\"Operario trabajando en un tejado de pizarra en Canfranc.\" src=\"..\/miniaturas\/foto-007.jpg\" alt=\"Trabajos Verticales Rodriguez Irastorza. Operario trabajando en un tejado de pizarra en Canfranc.\" width=\"140\" height=\"105\" border=\"0\"><\/a> <a href=\"..\/trabajos_verticales_zaragoza_fotos.php?d=5&amp;p=1&amp;Pan=0\"> <img loading=\"lazy\" decoding=\"async\" title=\"Operario trabajando en un tejado de pizarra en Canfranc.\" src=\"..\/miniaturas\/foto-008.jpg\" alt=\"Trabajos Verticales Rodriguez Irastorza. Operario trabajando en un tejado de pizarra en Canfranc.\" width=\"140\" height=\"105\" border=\"0\"><\/a> <a href=\"..\/trabajos_verticales_zaragoza_fotos.php?d=6&amp;p=1&amp;Pan=0\"> <img loading=\"lazy\" decoding=\"async\" title=\"Operarios asegurando las tejas del alero en la Gran Via.\" src=\"..\/miniaturas\/foto-009.jpg\" alt=\"Trabajos Verticales Rodriguez Irastorza. Operarios asegurando las tejas del alero en la Gran Via.\" width=\"140\" height=\"105\" border=\"0\"><\/a> <a href=\"..\/trabajos_verticales_zaragoza_fotos.php?d=7&amp;p=1&amp;Pan=0\"> <img loading=\"lazy\" decoding=\"async\" title=\"Retejando en el Paseo Independencia.\" src=\"..\/miniaturas\/foto-011.jpg\" alt=\"Trabajos Verticales Rodriguez Irastorza. Retejando en el Paseo Independencia.\" width=\"140\" height=\"105\" border=\"0\"><\/a> <a href=\"..\/trabajos_verticales_zaragoza_fotos.php?d=8&amp;p=1&amp;Pan=0\"> <img loading=\"lazy\" decoding=\"async\" title=\"Entosta desprendida en Saiz de Otero 8.\" src=\"..\/miniaturas\/foto-012.jpg\" alt=\"Trabajos Verticales Rodriguez Irastorza. Entosta desprendida en Saiz de Otero 8.\" width=\"140\" height=\"105\" border=\"0\"><\/a> <a href=\"..\/trabajos_verticales_zaragoza_fotos.php?d=9&amp;p=1&amp;Pan=0\"> <img loading=\"lazy\" decoding=\"async\" title=\"Aplicando imprimaci\u00f3n en una torre de comunicaciones.\" src=\"..\/miniaturas\/foto-013.jpg\" alt=\"Trabajos Verticales Rodriguez Irastorza. Aplicando imprimaci\u00f3n en una torre de comunicaciones.\" width=\"140\" height=\"105\" border=\"0\"><\/a> <a href=\"..\/trabajos_verticales_zaragoza_fotos.php?d=10&amp;p=1&amp;Pan=0\"> <img loading=\"lazy\" decoding=\"async\" title=\"Esmaltando en una torre de comunicaciones.\" src=\"..\/miniaturas\/foto-014.jpg\" alt=\"Trabajos Verticales Rodriguez Irastorza. Esmaltando en una torre de comunicaciones.\" width=\"140\" height=\"105\" border=\"0\"><\/a> <a href=\"..\/trabajos_verticales_zaragoza_fotos.php?d=11&amp;p=1&amp;Pan=0\"> <img loading=\"lazy\" decoding=\"async\" title=\"Torre de comunicaciones teminada (imprimaci\u00f3n y esmalte).\" src=\"..\/miniaturas\/foto-015.jpg\" alt=\"Trabajos Verticales Rodriguez Irastorza. Torre de comunicaciones teminada (imprimaci\u00f3n y esmalte).\" width=\"140\" height=\"105\" border=\"0\"><\/a> <a href=\"..\/trabajos_verticales_zaragoza_fotos.php?d=12&amp;p=1&amp;Pan=0\"> <img loading=\"lazy\" decoding=\"async\" title=\"Forjados antes de empezar la obra en c\/ Camino de los Molinos.\" src=\"..\/miniaturas\/foto-016.jpg\" alt=\"Trabajos Verticales Rodriguez Irastorza. Forjados antes de empezar la obra en c\/ Camino de los Molinos.\" width=\"140\" height=\"105\" border=\"0\"><\/a> <a href=\"..\/trabajos_verticales_zaragoza_fotos.php?d=13&amp;p=1&amp;Pan=0\"> <img loading=\"lazy\" decoding=\"async\" title=\"c\/ Camino de los Molinos, obra terminada.\" src=\"..\/miniaturas\/foto-017.jpg\" alt=\"Trabajos Verticales Rodriguez Irastorza. c\/ Camino de los Molinos, obra terminada.\" width=\"140\" height=\"105\" border=\"0\"><\/a> <a href=\"..\/trabajos_verticales_zaragoza_fotos.php?d=14&amp;p=1&amp;Pan=0\"> <img loading=\"lazy\" decoding=\"async\" title=\"c\/ Camino de los Molinos, obra terminada.\" src=\"..\/miniaturas\/foto-018.jpg\" alt=\"Trabajos Verticales Rodriguez Irastorza. c\/ Camino de los Molinos, obra terminada.\" width=\"140\" height=\"105\" border=\"0\"><\/a> <a href=\"..\/trabajos_verticales_zaragoza_fotos.php?d=15&amp;p=1&amp;Pan=0\"> <img loading=\"lazy\" decoding=\"async\" title=\"Limpiando cristales en el Word Trade Center Zaragoza.\" src=\"..\/miniaturas\/foto-022.jpg\" alt=\"Trabajos Verticales Rodriguez Irastorza. Limpiando cristales en el Word Trade Center Zaragoza.\" width=\"140\" height=\"105\" border=\"0\"><\/a> <a href=\"..\/trabajos_verticales_zaragoza_fotos.php?d=16&amp;p=1&amp;Pan=0\"> <img loading=\"lazy\" decoding=\"async\" title=\"Trabajando en el Pirineo Leridano.\" src=\"..\/miniaturas\/foto-023.jpg\" alt=\"Trabajos Verticales Rodriguez Irastorza. Trabajando en el Pirineo Leridano.\" width=\"140\" height=\"105\" border=\"0\"><\/a><br><a href=\"..\/trabajos_verticales_zaragoza_fotos.php?d=17&amp;p=1&amp;Pan=0\"> <img loading=\"lazy\" decoding=\"async\" title=\"Estado de la fachada antes de empezar la obra en c\/ Maurice Ravel.\" src=\"..\/miniaturas\/foto-029.jpg\" alt=\"Trabajos Verticales Rodriguez Irastorza. Estado de la fachada antes de empezar la obra en c\/ Maurice Ravel.\" width=\"140\" height=\"105\" border=\"0\"><\/a> <a href=\"..\/trabajos_verticales_zaragoza_fotos.php?d=18&amp;p=1&amp;Pan=0\"> <img loading=\"lazy\" decoding=\"async\" title=\"c\/ Maurice Ravel durante la realizaci\u00f3n de los trabajos.\" src=\"..\/miniaturas\/foto-032.jpg\" alt=\"Trabajos Verticales Rodriguez Irastorza. c\/ Maurice Ravel durante la realizaci\u00f3n de los trabajos.\" width=\"140\" height=\"105\" border=\"0\"><\/a> <a href=\"..\/trabajos_verticales_zaragoza_fotos.php?d=19&amp;p=1&amp;Pan=0\"> <img loading=\"lazy\" decoding=\"async\" title=\"c\/ Maurice Ravel durante la realizaci\u00f3n de los trabajos&lt;br \/&gt;Notese el perfil para sujetar la fachada.\" src=\"..\/miniaturas\/foto-036.jpg\" alt=\"Trabajos Verticales Rodriguez Irastorza. c\/ Maurice Ravel durante la realizaci\u00f3n de los trabajos&lt;br \/&gt;Notese el perfil para sujetar la fachada.\" width=\"140\" height=\"105\" border=\"0\"><\/a> <a href=\"..\/trabajos_verticales_zaragoza_fotos.php?d=20&amp;p=1&amp;Pan=0\"> <img loading=\"lazy\" decoding=\"async\" title=\"c\/ Maurice Ravel obra terminada.\" src=\"..\/miniaturas\/foto-038.jpg\" alt=\"Trabajos Verticales Rodriguez Irastorza. c\/ Maurice Ravel obra terminada.\" width=\"140\" height=\"105\" border=\"0\"><\/a> <a href=\"..\/trabajos_verticales_zaragoza_fotos.php?d=21&amp;p=1&amp;Pan=0\"> <img loading=\"lazy\" decoding=\"async\" title=\"c\/ Maurice Ravel obra terminada.\" src=\"..\/miniaturas\/foto-044.jpg\" alt=\"Trabajos Verticales Rodriguez Irastorza. c\/ Maurice Ravel obra terminada.\" width=\"140\" height=\"105\" border=\"0\"><\/a> <a href=\"..\/trabajos_verticales_zaragoza_fotos.php?d=22&amp;p=1&amp;Pan=0\"> <img loading=\"lazy\" decoding=\"async\" title=\"c\/ Maurice Ravel obra terminada.\" src=\"..\/miniaturas\/foto-045.jpg\" alt=\"Trabajos Verticales Rodriguez Irastorza. c\/ Maurice Ravel obra terminada.\" width=\"140\" height=\"105\" border=\"0\"><\/a> <a href=\"..\/trabajos_verticales_zaragoza_fotos.php?d=23&amp;p=1&amp;Pan=0\"> <img loading=\"lazy\" decoding=\"async\" title=\"c\/ Mariano Castillo. Fachadas posteriores acabadas (n\u00fameros impares).\" src=\"..\/miniaturas\/foto-048.jpg\" alt=\"Trabajos Verticales Rodriguez Irastorza. c\/ Mariano Castillo. Fachadas posteriores acabadas (n\u00fameros impares).\" width=\"140\" height=\"105\" border=\"0\"><\/a> <a href=\"..\/trabajos_verticales_zaragoza_fotos.php?d=24&amp;p=1&amp;Pan=0\"> <img loading=\"lazy\" decoding=\"async\" title=\"c\/ Mariano Castillo. Fachadas principales acabadas (n\u00fameros pares).\" src=\"..\/miniaturas\/foto-050.jpg\" alt=\"Trabajos Verticales Rodriguez Irastorza. c\/ Mariano Castillo. Fachadas principales acabadas (n\u00fameros pares).\" width=\"140\" height=\"105\" border=\"0\"><\/a> <a href=\"..\/trabajos_verticales_zaragoza_fotos.php?d=25&amp;p=1&amp;Pan=0\"> <img loading=\"lazy\" decoding=\"async\" title=\"c\/ Mariano Castillo. Fachada principal del n\u00famero 15.\" src=\"..\/miniaturas\/foto-051.jpg\" alt=\"Trabajos Verticales Rodriguez Irastorza. c\/ Mariano Castillo. Fachada principal del n\u00famero 15.\" width=\"140\" height=\"105\" border=\"0\"><\/a> <a href=\"..\/trabajos_verticales_zaragoza_fotos.php?d=26&amp;p=1&amp;Pan=0\"> <img loading=\"lazy\" decoding=\"async\" title=\"c\/ Mariano Castillo. Fachadas principales acabadas (n\u00fameros impares).\" src=\"..\/miniaturas\/foto-052.jpg\" alt=\"Trabajos Verticales Rodriguez Irastorza. c\/ Mariano Castillo. Fachadas principales acabadas (n\u00fameros impares).\" width=\"140\" height=\"105\" border=\"0\"><\/a> <a href=\"..\/trabajos_verticales_zaragoza_fotos.php?d=27&amp;p=1&amp;Pan=0\"> <img loading=\"lazy\" decoding=\"async\" title=\"c\/ Mariano Castillo. Fachadas posteriores acabadas (n\u00fameros pares).\" src=\"..\/miniaturas\/foto-053.jpg\" alt=\"Trabajos Verticales Rodriguez Irastorza. c\/ Mariano Castillo. Fachadas posteriores acabadas (n\u00fameros pares).\" width=\"140\" height=\"105\" border=\"0\"><\/a> <a href=\"..\/trabajos_verticales_zaragoza_fotos.php?d=28&amp;p=1&amp;Pan=0\"> <img loading=\"lazy\" decoding=\"async\" title=\"c\/ Mariano Castillo. Detalle de una fachada posterior.\" src=\"..\/miniaturas\/foto-054.jpg\" alt=\"Trabajos Verticales Rodriguez Irastorza. c\/ Mariano Castillo. Detalle de una fachada posterior.\" width=\"140\" height=\"105\" border=\"0\"><\/a> <a href=\"..\/trabajos_verticales_zaragoza_fotos.php?d=29&amp;p=1&amp;Pan=0\"> <img loading=\"lazy\" decoding=\"async\" title=\"c\/ Mariano Castillo. Fachadas principales acabadas (n\u00fameros pares).\" src=\"..\/miniaturas\/foto-056.jpg\" alt=\"Trabajos Verticales Rodriguez Irastorza. c\/ Mariano Castillo. Fachadas principales acabadas (n\u00fameros pares).\" width=\"140\" height=\"105\" border=\"0\"><\/a> <a href=\"..\/trabajos_verticales_zaragoza_fotos.php?d=30&amp;p=1&amp;Pan=0\"> <img loading=\"lazy\" decoding=\"async\" title=\"c\/ Mariano Castillo. Fachadas principales acabadas (n\u00fameros impares).\" src=\"..\/miniaturas\/foto-057.jpg\" alt=\"Trabajos Verticales Rodriguez Irastorza. c\/ Mariano Castillo. Fachadas principales acabadas (n\u00fameros impares).\" width=\"140\" height=\"105\" border=\"0\"><\/a> <a href=\"..\/trabajos_verticales_zaragoza_fotos.php?d=31&amp;p=1&amp;Pan=0\"> <img loading=\"lazy\" decoding=\"async\" title=\"c\/ R\u00edo Alcanadre. Fachadas principales acabadas (n\u00fameros pares).\" src=\"..\/miniaturas\/foto-058.jpg\" alt=\"Trabajos Verticales Rodriguez Irastorza. c\/ R\u00edo Alcanadre. Fachadas principales acabadas (n\u00fameros pares).\" width=\"140\" height=\"105\" border=\"0\"><\/a> <a href=\"..\/trabajos_verticales_zaragoza_fotos.php?d=32&amp;p=1&amp;Pan=0\"> <img loading=\"lazy\" decoding=\"async\" title=\"c\/ R\u00edo Alcanadre. Detalle de dos de las fachadas principales acabadas (n\u00fameros pares).\" src=\"..\/miniaturas\/foto-059.jpg\" alt=\"Trabajos Verticales Rodriguez Irastorza. c\/ R\u00edo Alcanadre. Detalle de dos de las fachadas principales acabadas (n\u00fameros pares).\" width=\"140\" height=\"105\" border=\"0\"><br><\/a> <a href=\"..\/trabajos_verticales_zaragoza_fotos.php?d=33&amp;p=2&amp;Pan=0\"> <img loading=\"lazy\" decoding=\"async\" title=\"c\/ Cristobal Col\u00f3n 12. Fachada principal acabada.\" src=\"..\/miniaturas\/foto-060.jpg\" alt=\"Trabajos Verticales Rodriguez Irastorza. c\/ Cristobal Col\u00f3n 12. Fachada principal acabada.\" width=\"140\" height=\"105\" border=\"0\"><\/a> <a href=\"..\/trabajos_verticales_zaragoza_fotos.php?d=34&amp;p=2&amp;Pan=0\"> <img loading=\"lazy\" decoding=\"async\" title=\"c\/ Cristobal Col\u00f3n 12. Fachada principal acabada.\" src=\"..\/miniaturas\/foto-061.jpg\" alt=\"Trabajos Verticales Rodriguez Irastorza. c\/ Cristobal Col\u00f3n 12. Fachada principal acabada.\" width=\"140\" height=\"105\" border=\"0\"><\/a> <a href=\"..\/trabajos_verticales_zaragoza_fotos.php?d=35&amp;p=2&amp;Pan=0\"> <img loading=\"lazy\" decoding=\"async\" title=\"c\/ Cristobal Col\u00f3n 12. Detalle de un balcon. N\u00f3tense los pinchos antipalomas.\" src=\"..\/miniaturas\/foto-062.jpg\" alt=\"Trabajos Verticales Rodriguez Irastorza. c\/ Cristobal Col\u00f3n 12. Detalle de un balcon. N\u00f3tense los pinchos antipalomas.\" width=\"140\" height=\"105\" border=\"0\"><\/a> <a href=\"..\/trabajos_verticales_zaragoza_fotos.php?d=36&amp;p=2&amp;Pan=0\"> <img loading=\"lazy\" decoding=\"async\" title=\"c\/ \u00c1vila 10 y 12.Obra terminada. Se repararon y pintaron los forjados.\" src=\"..\/miniaturas\/foto-063.jpg\" alt=\"Trabajos Verticales Rodriguez Irastorza. c\/ \u00c1vila 10 y 12.Obra terminada. Se repararon y pintaron los forjados.\" width=\"140\" height=\"105\" border=\"0\"><\/a> <a href=\"..\/trabajos_verticales_zaragoza_fotos.php?d=37&amp;p=2&amp;Pan=0\"> <img loading=\"lazy\" decoding=\"async\" title=\"Av Catalu\u00f1a 179, 181, 183 y 185. Fachada terminada.\" src=\"..\/miniaturas\/foto-064.jpg\" alt=\"Trabajos Verticales Rodriguez Irastorza. Av Catalu\u00f1a 179, 181, 183 y 185. Fachada terminada.\" width=\"140\" height=\"105\" border=\"0\"><\/a> <a href=\"..\/trabajos_verticales_zaragoza_fotos.php?d=38&amp;p=2&amp;Pan=0\"> <img loading=\"lazy\" decoding=\"async\" title=\"Av Catalu\u00f1a 179, 181, 183 y 185. Fachada posterior terminada.\" src=\"..\/miniaturas\/foto-065.jpg\" alt=\"Trabajos Verticales Rodriguez Irastorza. Av Catalu\u00f1a 179, 181, 183 y 185. Fachada posterior terminada.\" width=\"140\" height=\"105\" border=\"0\"><\/a> <a href=\"..\/trabajos_verticales_zaragoza_fotos.php?d=39&amp;p=2&amp;Pan=0\"> <img loading=\"lazy\" decoding=\"async\" title=\"Av Catalu\u00f1a 187 y 189. Fachada posterior terminada.\" src=\"..\/miniaturas\/foto-066.jpg\" alt=\"Trabajos Verticales Rodriguez Irastorza. Av Catalu\u00f1a 187 y 189. Fachada posterior terminada.\" width=\"140\" height=\"105\" border=\"0\"><\/a> <a href=\"..\/trabajos_verticales_zaragoza_fotos.php?d=40&amp;p=2&amp;Pan=0\"> <img loading=\"lazy\" decoding=\"async\" title=\"Av Catalu\u00f1a 187 y 189. Fachada terminada.\" src=\"..\/miniaturas\/foto-067.jpg\" alt=\"Trabajos Verticales Rodriguez Irastorza. Av Catalu\u00f1a 187 y 189. Fachada terminada.\" width=\"140\" height=\"105\" border=\"0\"><\/a> <a href=\"..\/trabajos_verticales_zaragoza_fotos.php?d=41&amp;p=2&amp;Pan=0\"> <img loading=\"lazy\" decoding=\"async\" title=\"c\/ Capitan Godoy Beltran 19. Fachada terminada.\" src=\"..\/miniaturas\/foto-068.jpg\" alt=\"Trabajos Verticales Rodriguez Irastorza. c\/ Capitan Godoy Beltran 19. Fachada terminada.\" width=\"140\" height=\"105\" border=\"0\"><\/a> <a href=\"..\/trabajos_verticales_zaragoza_fotos.php?d=42&amp;p=2&amp;Pan=0\"> <img loading=\"lazy\" decoding=\"async\" title=\"c\/ Capitan Godoy Beltran 19. Fachada posterior terminada.\" src=\"..\/miniaturas\/foto-069.jpg\" alt=\"Trabajos Verticales Rodriguez Irastorza. c\/ Capitan Godoy Beltran 19. Fachada posterior terminada.\" width=\"140\" height=\"105\" border=\"0\"><\/a> <a href=\"..\/trabajos_verticales_zaragoza_fotos.php?d=43&amp;p=2&amp;Pan=0\"> <img loading=\"lazy\" decoding=\"async\" title=\"c\/ Monasterio Nuestra Se\u00f1ora del Pueyo 16. Fachada terminada.\" src=\"..\/miniaturas\/foto-070.jpg\" alt=\"Trabajos Verticales Rodriguez Irastorza. c\/ Monasterio Nuestra Se\u00f1ora del Pueyo 16. Fachada terminada.\" width=\"140\" height=\"105\" border=\"0\"><\/a> <a href=\"..\/trabajos_verticales_zaragoza_fotos.php?d=44&amp;p=2&amp;Pan=0\"> <img loading=\"lazy\" decoding=\"async\" title=\"c\/ Reina Fabiola 13. Fachada terminada.\" src=\"..\/miniaturas\/foto-071.jpg\" alt=\"Trabajos Verticales Rodriguez Irastorza. c\/ Reina Fabiola 13. Fachada terminada.\" width=\"140\" height=\"105\" border=\"0\"><\/a> <a href=\"..\/trabajos_verticales_zaragoza_fotos.php?d=45&amp;p=2&amp;Pan=0\"> <img loading=\"lazy\" decoding=\"async\" title=\"c\/ Consejo de Ciento 17. Se procedi\u00f3 a derribar y recontruir varios pa\u00f1os de ladrillo caravista, colocando grapas y perfiles para la sujecci\u00f3n de la fachada al forjado.\" src=\"..\/miniaturas\/foto-072.jpg\" alt=\"Trabajos Verticales Rodriguez Irastorza. c\/ Consejo de Ciento 17. Se procedi\u00f3 a derribar y recontruir varios pa\u00f1os de ladrillo caravista, colocando grapas y perfiles para la sujecci\u00f3n de la fachada al forjado.\" width=\"140\" height=\"105\" border=\"0\"><\/a> <a href=\"..\/trabajos_verticales_zaragoza_fotos.php?d=46&amp;p=2&amp;Pan=0\"> <img loading=\"lazy\" decoding=\"async\" title=\"c\/ Consejo de Ciento 17. Se procedi\u00f3 a derribar y recontruir varios pa\u00f1os de ladrillo caravista, colocando grapas y perfiles para la sujecci\u00f3n de la fachada al forjado.\" src=\"..\/miniaturas\/foto-073.jpg\" alt=\"Trabajos Verticales Rodriguez Irastorza. c\/ Consejo de Ciento 17. Se procedi\u00f3 a derribar y recontruir varios pa\u00f1os de ladrillo caravista, colocando grapas y perfiles para la sujecci\u00f3n de la fachada al forjado.\" width=\"140\" height=\"105\" border=\"0\"><\/a> <a href=\"..\/trabajos_verticales_zaragoza_fotos.php?d=47&amp;p=2&amp;Pan=0\"> <img loading=\"lazy\" decoding=\"async\" title=\"c\/ Orense 31-33. Fachada terminada.\" src=\"..\/miniaturas\/foto-074.jpg\" alt=\"Trabajos Verticales Rodriguez Irastorza. c\/ Orense 31-33. Fachada terminada.\" width=\"140\" height=\"105\" border=\"0\"><\/a> <a href=\"..\/trabajos_verticales_zaragoza_fotos.php?d=48&amp;p=2&amp;Pan=0\"> <img loading=\"lazy\" decoding=\"async\" title=\"c\/ Bret\u00f3n 20. Fachada terminada.\" src=\"..\/miniaturas\/foto-075.jpg\" alt=\"Trabajos Verticales Rodriguez Irastorza. c\/ Bret\u00f3n 20. Fachada terminada.\" width=\"140\" height=\"105\" border=\"0\"><\/a> <a href=\"..\/trabajos_verticales_zaragoza_fotos.php?d=49&amp;p=3&amp;Pan=0\"> <img loading=\"lazy\" decoding=\"async\" title=\"c\/ Bret\u00f3n 20. Fachada terminada.\" src=\"..\/miniaturas\/foto-076.jpg\" alt=\"Trabajos Verticales Rodriguez Irastorza. c\/ Bret\u00f3n 20. Fachada terminada.\" width=\"140\" height=\"105\" border=\"0\"><\/a> <a href=\"..\/trabajos_verticales_zaragoza_fotos.php?d=50&amp;p=3&amp;Pan=0\"> <img loading=\"lazy\" decoding=\"async\" title=\"c\/ Fueros de Arag\u00f3n 20. Fachada terminada.\" src=\"..\/miniaturas\/foto-077.jpg\" alt=\"Trabajos Verticales Rodriguez Irastorza. c\/ Fueros de Arag\u00f3n 20. Fachada terminada.\" width=\"140\" height=\"105\" border=\"0\"><\/a> <a href=\"..\/trabajos_verticales_zaragoza_fotos.php?d=51&amp;p=3&amp;Pan=0\"> <img loading=\"lazy\" decoding=\"async\" title=\"c\/ Le\u00f3n XIII, 8. Fachada terminada.\" src=\"..\/miniaturas\/foto-078.jpg\" alt=\"Trabajos Verticales Rodriguez Irastorza. c\/ Le\u00f3n XIII, 8. Fachada terminada.\" width=\"140\" height=\"105\" border=\"0\"><\/a> <a href=\"..\/trabajos_verticales_zaragoza_fotos.php?d=52&amp;p=3&amp;Pan=0\"> <img loading=\"lazy\" decoding=\"async\" title=\"c\/ Le\u00f3n XIII, 8. Detalle de la fachada.\" src=\"..\/miniaturas\/foto-079.jpg\" alt=\"Trabajos Verticales Rodriguez Irastorza. c\/ Le\u00f3n XIII, 8. Detalle de la fachada.\" width=\"140\" height=\"105\" border=\"0\"><\/a> <a href=\"..\/trabajos_verticales_zaragoza_fotos.php?d=53&amp;p=3&amp;Pan=0\"> <img loading=\"lazy\" decoding=\"async\" title=\"Avenida Navarra 53. Fachada terminada.\" src=\"..\/miniaturas\/foto-080.jpg\" alt=\"Trabajos Verticales Rodriguez Irastorza. Avenida Navarra 53. Fachada terminada.\" width=\"140\" height=\"105\" border=\"0\"><\/a><\/p>\n\n\n<p><\/p>\n","protected":false},"excerpt":{"rendered":"","protected":false},"author":1,"featured_media":0,"parent":0,"menu_order":0,"comment_status":"closed","ping_status":"closed","template":"","meta":{"footnotes":""},"class_list":["post-14","page","type-page","status-publish","hentry"],"_links":{"self":[{"href":"http:\/\/www.trabajos-verticales-rodriguez-irastorza.com\/alt\/index.php?rest_route=\/wp\/v2\/pages\/14","targetHints":{"allow":["GET"]}}],"collection":[{"href":"http:\/\/www.trabajos-verticales-rodriguez-irastorza.com\/alt\/index.php?rest_route=\/wp\/v2\/pages"}],"about":[{"href":"http:\/\/www.trabajos-verticales-rodriguez-irastorza.com\/alt\/index.php?rest_route=\/wp\/v2\/types\/page"}],"author":[{"embeddable":true,"href":"http:\/\/www.trabajos-verticales-rodriguez-irastorza.com\/alt\/index.php?rest_route=\/wp\/v2\/users\/1"}],"replies":[{"embeddable":true,"href":"http:\/\/www.trabajos-verticales-rodriguez-irastorza.com\/alt\/index.php?rest_route=%2Fwp%2Fv2%2Fcomments&post=14"}],"version-history":[{"count":7,"href":"http:\/\/www.trabajos-verticales-rodriguez-irastorza.com\/alt\/index.php?rest_route=\/wp\/v2\/pages\/14\/revisions"}],"predecessor-version":[{"id":40,"href":"http:\/\/www.trabajos-verticales-rodriguez-irastorza.com\/alt\/index.php?rest_route=\/wp\/v2\/pages\/14\/revisions\/40"}],"wp:attachment":[{"href":"http:\/\/www.trabajos-verticales-rodriguez-irastorza.com\/alt\/index.php?rest_route=%2Fwp%2Fv2%2Fmedia&parent=14"}],"curies":[{"name":"wp","href":"https:\/\/api.w.org\/{rel}","templated":true}]}}