{"id":10,"date":"2009-06-03T21:30:51","date_gmt":"2009-06-03T19:30:51","guid":{"rendered":"http:\/\/www.trabajos-verticales-rodriguez-irastorza.com\/alt\/?page_id=10"},"modified":"2009-06-03T21:30:51","modified_gmt":"2009-06-03T19:30:51","slug":"los-trabajos-verticales","status":"publish","type":"page","link":"http:\/\/www.trabajos-verticales-rodriguez-irastorza.com\/alt\/?page_id=10","title":{"rendered":"LOS TRABAJOS VERTICALES"},"content":{"rendered":"<p>Para la realizaci\u00f3n de los trabajos verticales usamos los medios que mejor se adaptan a cada situaci\u00f3n.<\/p>\n<p>Eso incluye el uso de andamios (tubulares y el\u00e9ctricos), brazos telesc\u00f3picos, tijeras y las cuerdas. Cada uno tiene sus aplicaciones.<\/p>\n<p>Los trabajos verticales usando cuerdas tienen la ventaja de la mayor rapidez en la ejecuci\u00f3n de las obras al no tener que montar andamios. Para la reparaci\u00f3n y pintura de fachadas posteriores, patios de luces y medianiles generalmente la mejor opci\u00f3n es usar cuerdas, pues se evita tener que introducir los andamios por la finca. Las cuerdas tambi\u00e9n son la mejor opci\u00f3n para acceder a lugares confinados. Con las cuerdas podemos acceder a los puntos de trabajos m\u00e1s inaccesibles. Con las cuerdas se reducen los costes al usar medios m\u00e1s baratos (arneses, mosquetones, cuerdas, etc.), de m\u00e1s r\u00e1pida y sencilla instalaci\u00f3n.<\/p>\n<p>Cuando se usan andamios se pueden acometer trabajos que con la cuerda requeririan mayor tiempo (por ejemplo levantar pa\u00f1os de ladrillo caravista), tambi\u00e9n se evita pisar tejados y cubiertas. Para ciertas tareas es m\u00e1s adecuado trabajar con andamios.<\/p>\n<p>En los trabajos que acometemos la m\u00e1xima prioridad es la seguridad, tanto para los vecinos de la finca, como para los transe\u00fantes y operarios.<\/p>\n","protected":false},"excerpt":{"rendered":"<p>Para la realizaci\u00f3n de los trabajos verticales usamos los medios que mejor se adaptan a cada situaci\u00f3n. Eso incluye el uso de andamios (tubulares y el\u00e9ctricos), brazos telesc\u00f3picos, tijeras y las cuerdas. Cada uno tiene sus aplicaciones. Los trabajos verticales usando cuerdas tienen la ventaja de la mayor rapidez en la ejecuci\u00f3n de las obras [&hellip;]<\/p>\n","protected":false},"author":1,"featured_media":0,"parent":0,"menu_order":0,"comment_status":"closed","ping_status":"closed","template":"","meta":{"footnotes":""},"class_list":["post-10","page","type-page","status-publish","hentry"],"_links":{"self":[{"href":"http:\/\/www.trabajos-verticales-rodriguez-irastorza.com\/alt\/index.php?rest_route=\/wp\/v2\/pages\/10","targetHints":{"allow":["GET"]}}],"collection":[{"href":"http:\/\/www.trabajos-verticales-rodriguez-irastorza.com\/alt\/index.php?rest_route=\/wp\/v2\/pages"}],"about":[{"href":"http:\/\/www.trabajos-verticales-rodriguez-irastorza.com\/alt\/index.php?rest_route=\/wp\/v2\/types\/page"}],"author":[{"embeddable":true,"href":"http:\/\/www.trabajos-verticales-rodriguez-irastorza.com\/alt\/index.php?rest_route=\/wp\/v2\/users\/1"}],"replies":[{"embeddable":true,"href":"http:\/\/www.trabajos-verticales-rodriguez-irastorza.com\/alt\/index.php?rest_route=%2Fwp%2Fv2%2Fcomments&post=10"}],"version-history":[{"count":1,"href":"http:\/\/www.trabajos-verticales-rodriguez-irastorza.com\/alt\/index.php?rest_route=\/wp\/v2\/pages\/10\/revisions"}],"predecessor-version":[{"id":11,"href":"http:\/\/www.trabajos-verticales-rodriguez-irastorza.com\/alt\/index.php?rest_route=\/wp\/v2\/pages\/10\/revisions\/11"}],"wp:attachment":[{"href":"http:\/\/www.trabajos-verticales-rodriguez-irastorza.com\/alt\/index.php?rest_route=%2Fwp%2Fv2%2Fmedia&parent=10"}],"curies":[{"name":"wp","href":"https:\/\/api.w.org\/{rel}","templated":true}]}}